{"id":2068,"date":"2022-12-30T15:45:16","date_gmt":"2022-12-30T14:45:16","guid":{"rendered":"https:\/\/niejestemzcukru.pl\/sklep\/?post_type=product&#038;p=2068"},"modified":"2026-02-12T13:51:14","modified_gmt":"2026-02-12T12:51:14","slug":"brownie-fasolowe-z-wisnia","status":"publish","type":"product","link":"https:\/\/niejestemzcukru.pl\/sklep\/produkt\/brownie-fasolowe-z-wisnia\/","title":{"rendered":"Brownie z wi\u015bni\u0105"},"content":{"rendered":"<p>Lekkie ciasto na ka\u017cd\u0105 okazj\u0119, podyktowane klasyk\u0105. Mocno kakaowe, z dodatkiem soczystej wi\u015bni, b\u0119dzie idealnym wyborem dla mi\u0142o\u015bnik\u00f3w klasycznych czekoladowych deser\u00f3w.<\/p>\n<p><strong>Sk\u0142ad:<\/strong><br \/>\njajka, fasola czerwona, banany, kakao, erytrytol, olej rzepakowy, wi\u015bnie, daktyle, proszek do pieczenia, czekolada (s\u0142odzona maltitolem), \u015bmietanka, wi\u015bnia liofilizowana<\/p>\n<p><strong>\u015arednica:<\/strong><br \/>\nCiasta sprzedawane w \u015brednicy 24 cm (du\u017ce &#8211; sugerowana ilo\u015b\u0107 porcji 12-16)<\/p>\n<p><strong>Warto\u015bci od\u017cywcze (sugerowana porcja):<\/strong><br \/>\n24 cm \u2013 1 porcja \u2013 220 kcal; 6,7g bia\u0142ka; 14,1g t\u0142uszcze; 16,4g w\u0119glowodany<br \/>\n18 cm \u2013 1 porcja \u2013 189,2 kcal; 5,1g bia\u0142ka; 13,4g t\u0142uszcze; 11,6g w\u0119glowodany <\/p>\n<p><i>Informacja o alergenach &#8211; Produkt mo\u017ce zawiera\u0107 gluten, jaja, orzeszki ziemne, orzechy, soja, mleko, sezam, kakao.<\/i><\/p>\n","protected":false},"excerpt":{"rendered":"<h2><a href=\"https:\/\/niejestemzcukru.pl\/sklep\/wp-content\/uploads\/2022\/03\/pasek-15.png\"><img decoding=\"async\" class=\"aligncenter size-full wp-image-1322\" src=\"https:\/\/niejestemzcukru.pl\/sklep\/wp-content\/uploads\/2022\/03\/pasek-15.png\" alt=\"\" width=\"1920\" height=\"15\" srcset=\"https:\/\/niejestemzcukru.pl\/sklep\/wp-content\/uploads\/2022\/03\/pasek-15.png 1920w, https:\/\/niejestemzcukru.pl\/sklep\/wp-content\/uploads\/2022\/03\/pasek-15-300x2.png 300w, https:\/\/niejestemzcukru.pl\/sklep\/wp-content\/uploads\/2022\/03\/pasek-15-1024x8.png 1024w, https:\/\/niejestemzcukru.pl\/sklep\/wp-content\/uploads\/2022\/03\/pasek-15-768x6.png 768w, https:\/\/niejestemzcukru.pl\/sklep\/wp-content\/uploads\/2022\/03\/pasek-15-1536x12.png 1536w, https:\/\/niejestemzcukru.pl\/sklep\/wp-content\/uploads\/2022\/03\/pasek-15-600x5.png 600w\" sizes=\"(max-width: 1920px) 100vw, 1920px\" \/><\/a><\/h2>\n<p>Lekkie ciasto na ka\u017cd\u0105 okazj\u0119, podyktowane klasyk\u0105. Mocno kakaowe, z dodatkiem soczystej wi\u015bni, b\u0119dzie idealnym wyborem dla mi\u0142o\u015bnik\u00f3w klasycznych czekoladowych deser\u00f3w.<\/p>\n<p><a href=\"https:\/\/niejestemzcukru.pl\/sklep\/wp-content\/uploads\/2021\/10\/bez-glutenu.png\"><img decoding=\"async\" class=\"wp-image-1360 size-full alignleft\" src=\"https:\/\/niejestemzcukru.pl\/sklep\/wp-content\/uploads\/2021\/10\/bez-glutenu.png\" alt=\"\" width=\"29\" height=\"29\" \/><\/a>Bez dodatku glutenu*<\/p>\n<p><a href=\"https:\/\/niejestemzcukru.pl\/sklep\/wp-content\/uploads\/2021\/10\/bez-cukru.png\"><img decoding=\"async\" class=\"wp-image-1359 size-full alignleft\" src=\"https:\/\/niejestemzcukru.pl\/sklep\/wp-content\/uploads\/2021\/10\/bez-cukru.png\" alt=\"\" width=\"29\" height=\"29\" \/><\/a>Bez dodatku cukru<\/p>\n<p><a href=\"https:\/\/niejestemzcukru.pl\/sklep\/wp-content\/uploads\/2021\/10\/bez-cukru.png\"><img decoding=\"async\" class=\"wp-image-1359 size-full alignleft\" src=\"https:\/\/niejestemzcukru.pl\/sklep\/wp-content\/uploads\/2021\/10\/bez-cukru.png\" alt=\"\" width=\"29\" height=\"29\" \/><\/a>Bez dodatku bia\u0142ego cukru<\/p>\n<p>* Produkt przygotowywany w pracowni, w kt\u00f3rej powstaj\u0105  r\u00f3wnie\u017c wypieki zawieraj\u0105ce gluten \u2013 mo\u017cliwe zanieczyszczenia krzy\u017cowe. Produkt bez dodatku glutenu, jednak mo\u017ce zawiera\u0107 jego \u015bladowe ilo\u015bci<br \/>\n<em>Dekoracja ciasta pogl\u0105dowa, efekt finalny mo\u017ce r\u00f3\u017cni\u0107 si\u0119 od tego na zdj\u0119ciu<\/em><\/p>\n<p><em>Je\u017celi masz nietolerancj\u0119 lub chcesz podmieni\u0107 jaki\u015b sk\u0142adnik, skontaktuj si\u0119 z nami w celu ustalenia czy b\u0119dzie to mo\u017cliwe. Ka\u017cda zmiana jest dodatkowo p\u0142atna, ze wzgl\u0119du na r\u00f3\u017cnorodno\u015b\u0107 cen sk\u0142adnik\u00f3w niezb\u0119dna wycena indywidualna. <\/em><\/p>\n","protected":false},"featured_media":2766,"template":"","meta":{"_acf_changed":false,"ocean_post_layout":"full-width","ocean_both_sidebars_style":"","ocean_both_sidebars_content_width":0,"ocean_both_sidebars_sidebars_width":0,"ocean_sidebar":"0","ocean_second_sidebar":"0","ocean_disable_margins":"enable","ocean_add_body_class":"","ocean_shortcode_before_top_bar":"","ocean_shortcode_after_top_bar":"","ocean_shortcode_before_header":"","ocean_shortcode_after_header":"","ocean_has_shortcode":"","ocean_shortcode_after_title":"","ocean_shortcode_before_footer_widgets":"","ocean_shortcode_after_footer_widgets":"","ocean_shortcode_before_footer_bottom":"","ocean_shortcode_after_footer_bottom":"","ocean_display_top_bar":"default","ocean_display_header":"default","ocean_header_style":"","ocean_center_header_left_menu":"0","ocean_custom_header_template":"0","ocean_custom_logo":0,"ocean_custom_retina_logo":0,"ocean_custom_logo_max_width":0,"ocean_custom_logo_tablet_max_width":0,"ocean_custom_logo_mobile_max_width":0,"ocean_custom_logo_max_height":0,"ocean_custom_logo_tablet_max_height":0,"ocean_custom_logo_mobile_max_height":0,"ocean_header_custom_menu":"0","ocean_menu_typo_font_family":"0","ocean_menu_typo_font_subset":"","ocean_menu_typo_font_size":0,"ocean_menu_typo_font_size_tablet":0,"ocean_menu_typo_font_size_mobile":0,"ocean_menu_typo_font_size_unit":"px","ocean_menu_typo_font_weight":"","ocean_menu_typo_font_weight_tablet":"","ocean_menu_typo_font_weight_mobile":"","ocean_menu_typo_transform":"","ocean_menu_typo_transform_tablet":"","ocean_menu_typo_transform_mobile":"","ocean_menu_typo_line_height":0,"ocean_menu_typo_line_height_tablet":0,"ocean_menu_typo_line_height_mobile":0,"ocean_menu_typo_line_height_unit":"","ocean_menu_typo_spacing":0,"ocean_menu_typo_spacing_tablet":0,"ocean_menu_typo_spacing_mobile":0,"ocean_menu_typo_spacing_unit":"","ocean_menu_link_color":"","ocean_menu_link_color_hover":"","ocean_menu_link_color_active":"","ocean_menu_link_background":"","ocean_menu_link_hover_background":"","ocean_menu_link_active_background":"","ocean_menu_social_links_bg":"","ocean_menu_social_hover_links_bg":"","ocean_menu_social_links_color":"","ocean_menu_social_hover_links_color":"","ocean_disable_title":"default","ocean_disable_heading":"default","ocean_post_title":"","ocean_post_subheading":"","ocean_post_title_style":"","ocean_post_title_background_color":"","ocean_post_title_background":0,"ocean_post_title_bg_image_position":"","ocean_post_title_bg_image_attachment":"","ocean_post_title_bg_image_repeat":"","ocean_post_title_bg_image_size":"","ocean_post_title_height":0,"ocean_post_title_bg_overlay":0.5,"ocean_post_title_bg_overlay_color":"","ocean_disable_breadcrumbs":"default","ocean_breadcrumbs_color":"","ocean_breadcrumbs_separator_color":"","ocean_breadcrumbs_links_color":"","ocean_breadcrumbs_links_hover_color":"","ocean_display_footer_widgets":"default","ocean_display_footer_bottom":"default","ocean_custom_footer_template":"0"},"product_brand":[],"product_cat":[19,83],"product_tag":[37,36,137],"class_list":{"0":"post-2068","1":"product","2":"type-product","3":"status-publish","4":"has-post-thumbnail","6":"product_cat-ciasta-i-tarty","7":"product_cat-slodycze-bez-cukru","8":"product_tag-bez-cukru","9":"product_tag-bez-glutenu","10":"product_tag-st","11":"pa_rozmiar-duzy-26-cm","12":"pa_rozmiar-maly-18-cm","14":"entry","15":"has-media","17":"first","18":"instock","19":"taxable","20":"shipping-taxable","21":"purchasable","22":"product-type-variable","23":"has-product-nav","24":"col","25":"span_1_of_3","26":"owp-content-center","27":"owp-thumbs-layout-horizontal","28":"owp-btn-normal","29":"owp-tabs-layout-horizontal","30":"has-no-thumbnails"},"acf":[],"yoast_head":"<!-- This site is optimized with the Yoast SEO plugin v27.3 - https:\/\/yoast.com\/product\/yoast-seo-wordpress\/ -->\n<title>Brownie z wi\u015bni\u0105 - Warszawa - SKLEP - Nie Jestem Z Cukru<\/title>\n<meta name=\"robots\" content=\"index, follow, max-snippet:-1, max-image-preview:large, max-video-preview:-1\" \/>\n<link rel=\"canonical\" href=\"https:\/\/niejestemzcukru.pl\/sklep\/produkt\/brownie-fasolowe-z-wisnia\/\" \/>\n<meta property=\"og:locale\" content=\"pl_PL\" \/>\n<meta property=\"og:type\" content=\"article\" \/>\n<meta property=\"og:title\" content=\"Brownie z wi\u015bni\u0105 - Warszawa - SKLEP - Nie Jestem Z Cukru\" \/>\n<meta property=\"og:description\" content=\"Lekkie ciasto na ka\u017cd\u0105 okazj\u0119, podyktowane klasyk\u0105. Mocno kakaowe, z dodatkiem soczystej wi\u015bni, b\u0119dzie idealnym wyborem dla mi\u0142o\u015bnik\u00f3w klasycznych czekoladowych deser\u00f3w.  Bez dodatku glutenu*  Bez dodatku cukru  Bez dodatku bia\u0142ego cukru  * Produkt przygotowywany w pracowni, w kt\u00f3rej powstaj\u0105 r\u00f3wnie\u017c wypieki zawieraj\u0105ce gluten \u2013 mo\u017cliwe zanieczyszczenia krzy\u017cowe. Produkt bez dodatku glutenu, jednak mo\u017ce zawiera\u0107 jego \u015bladowe ilo\u015bci Dekoracja ciasta pogl\u0105dowa, efekt finalny mo\u017ce r\u00f3\u017cni\u0107 si\u0119 od tego na zdj\u0119ciu  Je\u017celi masz nietolerancj\u0119 lub chcesz podmieni\u0107 jaki\u015b sk\u0142adnik, skontaktuj si\u0119 z nami w celu ustalenia czy b\u0119dzie to mo\u017cliwe. Ka\u017cda zmiana jest dodatkowo p\u0142atna, ze wzgl\u0119du na r\u00f3\u017cnorodno\u015b\u0107 cen sk\u0142adnik\u00f3w niezb\u0119dna wycena indywidualna.\" \/>\n<meta property=\"og:url\" content=\"https:\/\/niejestemzcukru.pl\/sklep\/produkt\/brownie-fasolowe-z-wisnia\/\" \/>\n<meta property=\"og:site_name\" content=\"SKLEP - Nie Jestem Z Cukru\" \/>\n<meta property=\"article:modified_time\" content=\"2026-02-12T12:51:14+00:00\" \/>\n<meta property=\"og:image\" content=\"https:\/\/niejestemzcukru.pl\/sklep\/wp-content\/uploads\/2022\/12\/brownie-z-wisnia-nie-jestem-z-cukru.jpg\" \/>\n\t<meta property=\"og:image:width\" content=\"800\" \/>\n\t<meta property=\"og:image:height\" content=\"800\" \/>\n\t<meta property=\"og:image:type\" content=\"image\/jpeg\" \/>\n<meta name=\"twitter:card\" content=\"summary_large_image\" \/>\n<meta name=\"twitter:label1\" content=\"Szacowany czas czytania\" \/>\n\t<meta name=\"twitter:data1\" content=\"1 minuta\" \/>\n<script type=\"application\/ld+json\" class=\"yoast-schema-graph\">{\"@context\":\"https:\\\/\\\/schema.org\",\"@graph\":[{\"@type\":\"WebPage\",\"@id\":\"https:\\\/\\\/niejestemzcukru.pl\\\/sklep\\\/produkt\\\/brownie-fasolowe-z-wisnia\\\/\",\"url\":\"https:\\\/\\\/niejestemzcukru.pl\\\/sklep\\\/produkt\\\/brownie-fasolowe-z-wisnia\\\/\",\"name\":\"Brownie z wi\u015bni\u0105 - Warszawa - SKLEP - Nie Jestem Z Cukru\",\"isPartOf\":{\"@id\":\"https:\\\/\\\/niejestemzcukru.pl\\\/sklep\\\/#website\"},\"primaryImageOfPage\":{\"@id\":\"https:\\\/\\\/niejestemzcukru.pl\\\/sklep\\\/produkt\\\/brownie-fasolowe-z-wisnia\\\/#primaryimage\"},\"image\":{\"@id\":\"https:\\\/\\\/niejestemzcukru.pl\\\/sklep\\\/produkt\\\/brownie-fasolowe-z-wisnia\\\/#primaryimage\"},\"thumbnailUrl\":\"https:\\\/\\\/niejestemzcukru.pl\\\/sklep\\\/wp-content\\\/uploads\\\/2022\\\/12\\\/brownie-z-wisnia-nie-jestem-z-cukru.jpg\",\"datePublished\":\"2022-12-30T14:45:16+00:00\",\"dateModified\":\"2026-02-12T12:51:14+00:00\",\"breadcrumb\":{\"@id\":\"https:\\\/\\\/niejestemzcukru.pl\\\/sklep\\\/produkt\\\/brownie-fasolowe-z-wisnia\\\/#breadcrumb\"},\"inLanguage\":\"pl-PL\",\"potentialAction\":[{\"@type\":\"ReadAction\",\"target\":[\"https:\\\/\\\/niejestemzcukru.pl\\\/sklep\\\/produkt\\\/brownie-fasolowe-z-wisnia\\\/\"]}]},{\"@type\":\"ImageObject\",\"inLanguage\":\"pl-PL\",\"@id\":\"https:\\\/\\\/niejestemzcukru.pl\\\/sklep\\\/produkt\\\/brownie-fasolowe-z-wisnia\\\/#primaryimage\",\"url\":\"https:\\\/\\\/niejestemzcukru.pl\\\/sklep\\\/wp-content\\\/uploads\\\/2022\\\/12\\\/brownie-z-wisnia-nie-jestem-z-cukru.jpg\",\"contentUrl\":\"https:\\\/\\\/niejestemzcukru.pl\\\/sklep\\\/wp-content\\\/uploads\\\/2022\\\/12\\\/brownie-z-wisnia-nie-jestem-z-cukru.jpg\",\"width\":800,\"height\":800},{\"@type\":\"BreadcrumbList\",\"@id\":\"https:\\\/\\\/niejestemzcukru.pl\\\/sklep\\\/produkt\\\/brownie-fasolowe-z-wisnia\\\/#breadcrumb\",\"itemListElement\":[{\"@type\":\"ListItem\",\"position\":1,\"name\":\"Strona g\u0142\u00f3wna\",\"item\":\"https:\\\/\\\/niejestemzcukru.pl\\\/sklep\\\/\"},{\"@type\":\"ListItem\",\"position\":2,\"name\":\"Sklep\",\"item\":\"https:\\\/\\\/niejestemzcukru.pl\\\/sklep\\\/sklep\\\/\"},{\"@type\":\"ListItem\",\"position\":3,\"name\":\"Brownie z wi\u015bni\u0105\"}]},{\"@type\":\"WebSite\",\"@id\":\"https:\\\/\\\/niejestemzcukru.pl\\\/sklep\\\/#website\",\"url\":\"https:\\\/\\\/niejestemzcukru.pl\\\/sklep\\\/\",\"name\":\"SKLEP - Nie Jestem Z Cukru\",\"description\":\"Wypieki bez cukru na zam\u00f3wienie\",\"publisher\":{\"@id\":\"https:\\\/\\\/niejestemzcukru.pl\\\/sklep\\\/#organization\"},\"potentialAction\":[{\"@type\":\"SearchAction\",\"target\":{\"@type\":\"EntryPoint\",\"urlTemplate\":\"https:\\\/\\\/niejestemzcukru.pl\\\/sklep\\\/?s={search_term_string}\"},\"query-input\":{\"@type\":\"PropertyValueSpecification\",\"valueRequired\":true,\"valueName\":\"search_term_string\"}}],\"inLanguage\":\"pl-PL\"},{\"@type\":\"Organization\",\"@id\":\"https:\\\/\\\/niejestemzcukru.pl\\\/sklep\\\/#organization\",\"name\":\"SKLEP - Nie Jestem Z Cukru\",\"url\":\"https:\\\/\\\/niejestemzcukru.pl\\\/sklep\\\/\",\"logo\":{\"@type\":\"ImageObject\",\"inLanguage\":\"pl-PL\",\"@id\":\"https:\\\/\\\/niejestemzcukru.pl\\\/sklep\\\/#\\\/schema\\\/logo\\\/image\\\/\",\"url\":\"https:\\\/\\\/niejestemzcukru.pl\\\/sklep\\\/wp-content\\\/uploads\\\/2022\\\/03\\\/cropped-cropped-logo-512-1.png\",\"contentUrl\":\"https:\\\/\\\/niejestemzcukru.pl\\\/sklep\\\/wp-content\\\/uploads\\\/2022\\\/03\\\/cropped-cropped-logo-512-1.png\",\"width\":512,\"height\":512,\"caption\":\"SKLEP - Nie Jestem Z Cukru\"},\"image\":{\"@id\":\"https:\\\/\\\/niejestemzcukru.pl\\\/sklep\\\/#\\\/schema\\\/logo\\\/image\\\/\"}}]}<\/script>\n<!-- \/ Yoast SEO plugin. -->","yoast_head_json":{"title":"Brownie z wi\u015bni\u0105 - Warszawa - SKLEP - Nie Jestem Z Cukru","robots":{"index":"index","follow":"follow","max-snippet":"max-snippet:-1","max-image-preview":"max-image-preview:large","max-video-preview":"max-video-preview:-1"},"canonical":"https:\/\/niejestemzcukru.pl\/sklep\/produkt\/brownie-fasolowe-z-wisnia\/","og_locale":"pl_PL","og_type":"article","og_title":"Brownie z wi\u015bni\u0105 - Warszawa - SKLEP - Nie Jestem Z Cukru","og_description":"Lekkie ciasto na ka\u017cd\u0105 okazj\u0119, podyktowane klasyk\u0105. Mocno kakaowe, z dodatkiem soczystej wi\u015bni, b\u0119dzie idealnym wyborem dla mi\u0142o\u015bnik\u00f3w klasycznych czekoladowych deser\u00f3w.  Bez dodatku glutenu*  Bez dodatku cukru  Bez dodatku bia\u0142ego cukru  * Produkt przygotowywany w pracowni, w kt\u00f3rej powstaj\u0105 r\u00f3wnie\u017c wypieki zawieraj\u0105ce gluten \u2013 mo\u017cliwe zanieczyszczenia krzy\u017cowe. Produkt bez dodatku glutenu, jednak mo\u017ce zawiera\u0107 jego \u015bladowe ilo\u015bci Dekoracja ciasta pogl\u0105dowa, efekt finalny mo\u017ce r\u00f3\u017cni\u0107 si\u0119 od tego na zdj\u0119ciu  Je\u017celi masz nietolerancj\u0119 lub chcesz podmieni\u0107 jaki\u015b sk\u0142adnik, skontaktuj si\u0119 z nami w celu ustalenia czy b\u0119dzie to mo\u017cliwe. Ka\u017cda zmiana jest dodatkowo p\u0142atna, ze wzgl\u0119du na r\u00f3\u017cnorodno\u015b\u0107 cen sk\u0142adnik\u00f3w niezb\u0119dna wycena indywidualna.","og_url":"https:\/\/niejestemzcukru.pl\/sklep\/produkt\/brownie-fasolowe-z-wisnia\/","og_site_name":"SKLEP - Nie Jestem Z Cukru","article_modified_time":"2026-02-12T12:51:14+00:00","og_image":[{"width":800,"height":800,"url":"https:\/\/niejestemzcukru.pl\/sklep\/wp-content\/uploads\/2022\/12\/brownie-z-wisnia-nie-jestem-z-cukru.jpg","type":"image\/jpeg"}],"twitter_card":"summary_large_image","twitter_misc":{"Szacowany czas czytania":"1 minuta"},"schema":{"@context":"https:\/\/schema.org","@graph":[{"@type":"WebPage","@id":"https:\/\/niejestemzcukru.pl\/sklep\/produkt\/brownie-fasolowe-z-wisnia\/","url":"https:\/\/niejestemzcukru.pl\/sklep\/produkt\/brownie-fasolowe-z-wisnia\/","name":"Brownie z wi\u015bni\u0105 - Warszawa - SKLEP - Nie Jestem Z Cukru","isPartOf":{"@id":"https:\/\/niejestemzcukru.pl\/sklep\/#website"},"primaryImageOfPage":{"@id":"https:\/\/niejestemzcukru.pl\/sklep\/produkt\/brownie-fasolowe-z-wisnia\/#primaryimage"},"image":{"@id":"https:\/\/niejestemzcukru.pl\/sklep\/produkt\/brownie-fasolowe-z-wisnia\/#primaryimage"},"thumbnailUrl":"https:\/\/niejestemzcukru.pl\/sklep\/wp-content\/uploads\/2022\/12\/brownie-z-wisnia-nie-jestem-z-cukru.jpg","datePublished":"2022-12-30T14:45:16+00:00","dateModified":"2026-02-12T12:51:14+00:00","breadcrumb":{"@id":"https:\/\/niejestemzcukru.pl\/sklep\/produkt\/brownie-fasolowe-z-wisnia\/#breadcrumb"},"inLanguage":"pl-PL","potentialAction":[{"@type":"ReadAction","target":["https:\/\/niejestemzcukru.pl\/sklep\/produkt\/brownie-fasolowe-z-wisnia\/"]}]},{"@type":"ImageObject","inLanguage":"pl-PL","@id":"https:\/\/niejestemzcukru.pl\/sklep\/produkt\/brownie-fasolowe-z-wisnia\/#primaryimage","url":"https:\/\/niejestemzcukru.pl\/sklep\/wp-content\/uploads\/2022\/12\/brownie-z-wisnia-nie-jestem-z-cukru.jpg","contentUrl":"https:\/\/niejestemzcukru.pl\/sklep\/wp-content\/uploads\/2022\/12\/brownie-z-wisnia-nie-jestem-z-cukru.jpg","width":800,"height":800},{"@type":"BreadcrumbList","@id":"https:\/\/niejestemzcukru.pl\/sklep\/produkt\/brownie-fasolowe-z-wisnia\/#breadcrumb","itemListElement":[{"@type":"ListItem","position":1,"name":"Strona g\u0142\u00f3wna","item":"https:\/\/niejestemzcukru.pl\/sklep\/"},{"@type":"ListItem","position":2,"name":"Sklep","item":"https:\/\/niejestemzcukru.pl\/sklep\/sklep\/"},{"@type":"ListItem","position":3,"name":"Brownie z wi\u015bni\u0105"}]},{"@type":"WebSite","@id":"https:\/\/niejestemzcukru.pl\/sklep\/#website","url":"https:\/\/niejestemzcukru.pl\/sklep\/","name":"SKLEP - Nie Jestem Z Cukru","description":"Wypieki bez cukru na zam\u00f3wienie","publisher":{"@id":"https:\/\/niejestemzcukru.pl\/sklep\/#organization"},"potentialAction":[{"@type":"SearchAction","target":{"@type":"EntryPoint","urlTemplate":"https:\/\/niejestemzcukru.pl\/sklep\/?s={search_term_string}"},"query-input":{"@type":"PropertyValueSpecification","valueRequired":true,"valueName":"search_term_string"}}],"inLanguage":"pl-PL"},{"@type":"Organization","@id":"https:\/\/niejestemzcukru.pl\/sklep\/#organization","name":"SKLEP - Nie Jestem Z Cukru","url":"https:\/\/niejestemzcukru.pl\/sklep\/","logo":{"@type":"ImageObject","inLanguage":"pl-PL","@id":"https:\/\/niejestemzcukru.pl\/sklep\/#\/schema\/logo\/image\/","url":"https:\/\/niejestemzcukru.pl\/sklep\/wp-content\/uploads\/2022\/03\/cropped-cropped-logo-512-1.png","contentUrl":"https:\/\/niejestemzcukru.pl\/sklep\/wp-content\/uploads\/2022\/03\/cropped-cropped-logo-512-1.png","width":512,"height":512,"caption":"SKLEP - Nie Jestem Z Cukru"},"image":{"@id":"https:\/\/niejestemzcukru.pl\/sklep\/#\/schema\/logo\/image\/"}}]}},"_links":{"self":[{"href":"https:\/\/niejestemzcukru.pl\/sklep\/wp-json\/wp\/v2\/product\/2068","targetHints":{"allow":["GET"]}}],"collection":[{"href":"https:\/\/niejestemzcukru.pl\/sklep\/wp-json\/wp\/v2\/product"}],"about":[{"href":"https:\/\/niejestemzcukru.pl\/sklep\/wp-json\/wp\/v2\/types\/product"}],"wp:featuredmedia":[{"embeddable":true,"href":"https:\/\/niejestemzcukru.pl\/sklep\/wp-json\/wp\/v2\/media\/2766"}],"wp:attachment":[{"href":"https:\/\/niejestemzcukru.pl\/sklep\/wp-json\/wp\/v2\/media?parent=2068"}],"wp:term":[{"taxonomy":"product_brand","embeddable":true,"href":"https:\/\/niejestemzcukru.pl\/sklep\/wp-json\/wp\/v2\/product_brand?post=2068"},{"taxonomy":"product_cat","embeddable":true,"href":"https:\/\/niejestemzcukru.pl\/sklep\/wp-json\/wp\/v2\/product_cat?post=2068"},{"taxonomy":"product_tag","embeddable":true,"href":"https:\/\/niejestemzcukru.pl\/sklep\/wp-json\/wp\/v2\/product_tag?post=2068"}],"curies":[{"name":"wp","href":"https:\/\/api.w.org\/{rel}","templated":true}]}}