{"id":264,"date":"2021-02-24T15:02:10","date_gmt":"2021-02-24T14:02:10","guid":{"rendered":"https:\/\/sklep.niejestemzcukru.pl\/?post_type=product&#038;p=264"},"modified":"2026-02-12T13:53:20","modified_gmt":"2026-02-12T12:53:20","slug":"tort-kokosowy-z-migdalowym-biszkoptem-delikatnym-kokosowym-kremem-i-porzeczkami","status":"publish","type":"product","link":"https:\/\/niejestemzcukru.pl\/sklep\/produkt\/tort-kokosowy-z-migdalowym-biszkoptem-delikatnym-kokosowym-kremem-i-porzeczkami\/","title":{"rendered":"Tort kokosowy z migda\u0142ami i porzeczkami"},"content":{"rendered":"<p>Niebia\u0144ska kokosowa lekko\u015b\u0107! Wyr\u00f3\u017cnia si\u0119 pysznym wilgotnym biszkoptem oraz\u00a0 lekkim i\u00a0 g\u0119stym kokosowym kremem, kt\u00f3ry zasmakuje ka\u017cdemu mi\u0142o\u015bnikowi tych wyj\u0105tkowych orzech\u00f3w. Smak\u00a0 delikatnej s\u0142odko\u015bci prze\u0142amuje lekko kwaskowaty mus porzeczkowy, idealnie podbijaj\u0105cy\u00a0 ka\u017cdy k\u0119s kremowego tortu. Warstwy kremu i owocowego d\u017cemu dope\u0142niaj\u0105 siekane migda\u0142y i kawa\u0142ki kokosa, nadaj\u0105ce niesamowit\u0105 g\u0142\u0119bie smaku naszemu wypiekowi.<\/p>\n<p><strong>Sk\u0142ad:<br \/>\n<\/strong>m\u0105ka ziemniaczana, m\u0105ka kukurydziana, m\u0105ka ry\u017cowa, jaja, mleczko kokosowe, \u015bmietanka, serek mascarpone, wi\u00f3rki kokosowe, kokos, erytrytol, migda\u0142y, porzeczki, proszek do pieczenia, s\u00f3l<\/p>\n<p><strong>\u015arednica<\/strong><br \/>\nTorty sprzedawane w \u015brednicy 24 cm (du\u017ce &#8211; sugerowana ilo\u015b\u0107 porcji 16-22) i 18 cm (ma\u0142e &#8211; sugerowana ilo\u015b\u0107 porcji 10-14)<\/p>\n<p><strong>Warto\u015bci od\u017cywcze:<\/strong><br \/>\n24 cm \u2013 1 porcja \u2013 328,9 kcal; 5,7g bia\u0142ka; 29,8g t\u0142uszcze; 12,4g w\u0119glowodany<br \/>\n18 cm \u2013 1 porcja \u2013 324 kcal; 5,8g bia\u0142ka; 29,2g t\u0142uszcze; 12,1 w\u0119glowodany <\/p>\n<p><i>Informacja o alergenach &#8211; Produkt mo\u017ce zawiera\u0107 gluten, jaja, orzeszki ziemne, orzechy, soja, mleko, sezam, kakao.<\/i><\/p>\n","protected":false},"excerpt":{"rendered":"<h2><a href=\"https:\/\/niejestemzcukru.pl\/sklep\/wp-content\/uploads\/2022\/03\/pasek-15.png\"><img decoding=\"async\" class=\"aligncenter size-full wp-image-1322\" src=\"https:\/\/niejestemzcukru.pl\/sklep\/wp-content\/uploads\/2022\/03\/pasek-15.png\" alt=\"\" width=\"1920\" height=\"15\" srcset=\"https:\/\/niejestemzcukru.pl\/sklep\/wp-content\/uploads\/2022\/03\/pasek-15.png 1920w, https:\/\/niejestemzcukru.pl\/sklep\/wp-content\/uploads\/2022\/03\/pasek-15-300x2.png 300w, https:\/\/niejestemzcukru.pl\/sklep\/wp-content\/uploads\/2022\/03\/pasek-15-1024x8.png 1024w, https:\/\/niejestemzcukru.pl\/sklep\/wp-content\/uploads\/2022\/03\/pasek-15-768x6.png 768w, https:\/\/niejestemzcukru.pl\/sklep\/wp-content\/uploads\/2022\/03\/pasek-15-1536x12.png 1536w, https:\/\/niejestemzcukru.pl\/sklep\/wp-content\/uploads\/2022\/03\/pasek-15-600x5.png 600w\" sizes=\"(max-width: 1920px) 100vw, 1920px\" \/><\/a><\/h2>\n<p>Niebia\u0144ska kokosowa lekko\u015b\u0107! Wyr\u00f3\u017cnia si\u0119 pysznym wilgotnym biszkoptem oraz\u00a0 lekkim i\u00a0 g\u0119stym kokosowym kremem, kt\u00f3ry zasmakuje ka\u017cdemu mi\u0142o\u015bnikowi tych wyj\u0105tkowych orzech\u00f3w. Smak\u00a0 delikatnej s\u0142odko\u015bci prze\u0142amuje lekko kwaskowaty mus porzeczkowy, idealnie podbijaj\u0105cy\u00a0 ka\u017cdy k\u0119s kremowego tortu. Warstwy kremu i owocowego d\u017cemu dope\u0142niaj\u0105 siekane migda\u0142y i kawa\u0142ki kokosa, nadaj\u0105ce niesamowit\u0105 g\u0142\u0119bie smaku naszemu wypiekowi.<\/p>\n<p><a href=\"https:\/\/niejestemzcukru.pl\/sklep\/wp-content\/uploads\/2021\/10\/bez-glutenu.png\"><img decoding=\"async\" class=\"wp-image-1360 size-full alignleft\" src=\"https:\/\/niejestemzcukru.pl\/sklep\/wp-content\/uploads\/2021\/10\/bez-glutenu.png\" alt=\"\" width=\"29\" height=\"29\" \/><\/a>Bez dodatku glutenu*<\/p>\n<p><a href=\"https:\/\/niejestemzcukru.pl\/sklep\/wp-content\/uploads\/2021\/10\/bez-cukru.png\"><img decoding=\"async\" class=\"wp-image-1359 size-full alignleft\" src=\"https:\/\/niejestemzcukru.pl\/sklep\/wp-content\/uploads\/2021\/10\/bez-cukru.png\" alt=\"\" width=\"29\" height=\"29\" \/><\/a>Bez dodatku cukru<\/p>\n<p>* Produkt przygotowywany w pracowni, w kt\u00f3rej powstaj\u0105  r\u00f3wnie\u017c wypieki zawieraj\u0105ce gluten \u2013 mo\u017cliwe zanieczyszczenia krzy\u017cowe. Produkt bez dodatku glutenu, jednak mo\u017ce zawiera\u0107 jego \u015bladowe ilo\u015bci<\/p>\n<p>Wykonujemy torty okazjonalne (wesela, komunie, chrzciny) w celu wyceny, prosimy o kontakt mailowy\u00a0na info@niejestemzcukru.pl.<br \/>\n<a href=\"\/sklep\/przykladowe-realizacje\/\"><strong>Zobacz nasze przyk\u0142adowe realizacje<\/strong><\/a><\/p>\n<p><em>Dekoracja tortu pogl\u0105dowa, efekt finalny mo\u017ce r\u00f3\u017cni\u0107 si\u0119 od tego na zdj\u0119ciu<\/em><\/p>\n","protected":false},"featured_media":2166,"template":"","meta":{"_acf_changed":false,"ocean_post_layout":"","ocean_both_sidebars_style":"","ocean_both_sidebars_content_width":0,"ocean_both_sidebars_sidebars_width":0,"ocean_sidebar":"0","ocean_second_sidebar":"0","ocean_disable_margins":"enable","ocean_add_body_class":"","ocean_shortcode_before_top_bar":"","ocean_shortcode_after_top_bar":"","ocean_shortcode_before_header":"","ocean_shortcode_after_header":"","ocean_has_shortcode":"","ocean_shortcode_after_title":"","ocean_shortcode_before_footer_widgets":"","ocean_shortcode_after_footer_widgets":"","ocean_shortcode_before_footer_bottom":"","ocean_shortcode_after_footer_bottom":"","ocean_display_top_bar":"default","ocean_display_header":"default","ocean_header_style":"","ocean_center_header_left_menu":"0","ocean_custom_header_template":"0","ocean_custom_logo":0,"ocean_custom_retina_logo":0,"ocean_custom_logo_max_width":0,"ocean_custom_logo_tablet_max_width":0,"ocean_custom_logo_mobile_max_width":0,"ocean_custom_logo_max_height":0,"ocean_custom_logo_tablet_max_height":0,"ocean_custom_logo_mobile_max_height":0,"ocean_header_custom_menu":"0","ocean_menu_typo_font_family":"0","ocean_menu_typo_font_subset":"","ocean_menu_typo_font_size":0,"ocean_menu_typo_font_size_tablet":0,"ocean_menu_typo_font_size_mobile":0,"ocean_menu_typo_font_size_unit":"px","ocean_menu_typo_font_weight":"","ocean_menu_typo_font_weight_tablet":"","ocean_menu_typo_font_weight_mobile":"","ocean_menu_typo_transform":"","ocean_menu_typo_transform_tablet":"","ocean_menu_typo_transform_mobile":"","ocean_menu_typo_line_height":0,"ocean_menu_typo_line_height_tablet":0,"ocean_menu_typo_line_height_mobile":0,"ocean_menu_typo_line_height_unit":"","ocean_menu_typo_spacing":0,"ocean_menu_typo_spacing_tablet":0,"ocean_menu_typo_spacing_mobile":0,"ocean_menu_typo_spacing_unit":"","ocean_menu_link_color":"","ocean_menu_link_color_hover":"","ocean_menu_link_color_active":"","ocean_menu_link_background":"","ocean_menu_link_hover_background":"","ocean_menu_link_active_background":"","ocean_menu_social_links_bg":"","ocean_menu_social_hover_links_bg":"","ocean_menu_social_links_color":"","ocean_menu_social_hover_links_color":"","ocean_disable_title":"default","ocean_disable_heading":"default","ocean_post_title":"","ocean_post_subheading":"","ocean_post_title_style":"","ocean_post_title_background_color":"","ocean_post_title_background":0,"ocean_post_title_bg_image_position":"","ocean_post_title_bg_image_attachment":"","ocean_post_title_bg_image_repeat":"","ocean_post_title_bg_image_size":"","ocean_post_title_height":0,"ocean_post_title_bg_overlay":0.5,"ocean_post_title_bg_overlay_color":"","ocean_disable_breadcrumbs":"default","ocean_breadcrumbs_color":"","ocean_breadcrumbs_separator_color":"","ocean_breadcrumbs_links_color":"","ocean_breadcrumbs_links_hover_color":"","ocean_display_footer_widgets":"default","ocean_display_footer_bottom":"default","ocean_custom_footer_template":"0"},"product_brand":[],"product_cat":[127,18],"product_tag":[37,36,137],"class_list":{"0":"post-264","1":"product","2":"type-product","3":"status-publish","4":"has-post-thumbnail","6":"product_cat-wesele","7":"product_cat-zdrowe-torty-bez-cukru","8":"product_tag-bez-cukru","9":"product_tag-bez-glutenu","10":"product_tag-st","11":"pa_rozmiar-duzy-26-cm","12":"pa_rozmiar-maly-18-cm","14":"entry","15":"has-media","17":"first","18":"instock","19":"taxable","20":"shipping-taxable","21":"purchasable","22":"product-type-variable","23":"has-product-nav","24":"col","25":"span_1_of_3","26":"owp-content-center","27":"owp-thumbs-layout-horizontal","28":"owp-btn-normal","29":"owp-tabs-layout-horizontal","30":"has-no-thumbnails"},"acf":[],"yoast_head":"<!-- This site is optimized with the Yoast SEO plugin v27.3 - https:\/\/yoast.com\/product\/yoast-seo-wordpress\/ -->\n<title>Tort kokosowy z migda\u0142ami i porzeczkami - Warszawa - SKLEP - Nie Jestem Z Cukru<\/title>\n<meta name=\"robots\" content=\"index, follow, max-snippet:-1, max-image-preview:large, max-video-preview:-1\" \/>\n<link rel=\"canonical\" href=\"https:\/\/niejestemzcukru.pl\/sklep\/produkt\/tort-kokosowy-z-migdalowym-biszkoptem-delikatnym-kokosowym-kremem-i-porzeczkami\/\" \/>\n<meta property=\"og:locale\" content=\"pl_PL\" \/>\n<meta property=\"og:type\" content=\"article\" \/>\n<meta property=\"og:title\" content=\"Tort kokosowy z migda\u0142ami i porzeczkami - Warszawa - SKLEP - Nie Jestem Z Cukru\" \/>\n<meta property=\"og:description\" content=\"Niebia\u0144ska kokosowa lekko\u015b\u0107! Wyr\u00f3\u017cnia si\u0119 pysznym wilgotnym biszkoptem oraz\u00a0 lekkim i\u00a0 g\u0119stym kokosowym kremem, kt\u00f3ry zasmakuje ka\u017cdemu mi\u0142o\u015bnikowi tych wyj\u0105tkowych orzech\u00f3w. Smak\u00a0 delikatnej s\u0142odko\u015bci prze\u0142amuje lekko kwaskowaty mus porzeczkowy, idealnie podbijaj\u0105cy\u00a0 ka\u017cdy k\u0119s kremowego tortu. Warstwy kremu i owocowego d\u017cemu dope\u0142niaj\u0105 siekane migda\u0142y i kawa\u0142ki kokosa, nadaj\u0105ce niesamowit\u0105 g\u0142\u0119bie smaku naszemu wypiekowi.  Bez dodatku glutenu*  Bez dodatku cukru  * Produkt przygotowywany w pracowni, w kt\u00f3rej powstaj\u0105 r\u00f3wnie\u017c wypieki zawieraj\u0105ce gluten \u2013 mo\u017cliwe zanieczyszczenia krzy\u017cowe. Produkt bez dodatku glutenu, jednak mo\u017ce zawiera\u0107 jego \u015bladowe ilo\u015bci  Wykonujemy torty okazjonalne (wesela, komunie, chrzciny) w celu wyceny, prosimy o kontakt mailowy\u00a0na info@niejestemzcukru.pl. Zobacz nasze przyk\u0142adowe realizacje  Dekoracja tortu pogl\u0105dowa, efekt finalny mo\u017ce r\u00f3\u017cni\u0107 si\u0119 od tego na zdj\u0119ciu\" \/>\n<meta property=\"og:url\" content=\"https:\/\/niejestemzcukru.pl\/sklep\/produkt\/tort-kokosowy-z-migdalowym-biszkoptem-delikatnym-kokosowym-kremem-i-porzeczkami\/\" \/>\n<meta property=\"og:site_name\" content=\"SKLEP - Nie Jestem Z Cukru\" \/>\n<meta property=\"article:modified_time\" content=\"2026-02-12T12:53:20+00:00\" \/>\n<meta property=\"og:image\" content=\"https:\/\/niejestemzcukru.pl\/sklep\/wp-content\/uploads\/2023\/01\/tort-kokosowy-z-porzeczkowa-zelka-nie-jestem-z-cukru.jpg\" \/>\n\t<meta property=\"og:image:width\" content=\"1080\" \/>\n\t<meta property=\"og:image:height\" content=\"1080\" \/>\n\t<meta property=\"og:image:type\" content=\"image\/jpeg\" \/>\n<meta name=\"twitter:card\" content=\"summary_large_image\" \/>\n<meta name=\"twitter:label1\" content=\"Szacowany czas czytania\" \/>\n\t<meta name=\"twitter:data1\" content=\"1 minuta\" \/>\n<script type=\"application\/ld+json\" class=\"yoast-schema-graph\">{\"@context\":\"https:\\\/\\\/schema.org\",\"@graph\":[{\"@type\":\"WebPage\",\"@id\":\"https:\\\/\\\/niejestemzcukru.pl\\\/sklep\\\/produkt\\\/tort-kokosowy-z-migdalowym-biszkoptem-delikatnym-kokosowym-kremem-i-porzeczkami\\\/\",\"url\":\"https:\\\/\\\/niejestemzcukru.pl\\\/sklep\\\/produkt\\\/tort-kokosowy-z-migdalowym-biszkoptem-delikatnym-kokosowym-kremem-i-porzeczkami\\\/\",\"name\":\"Tort kokosowy z migda\u0142ami i porzeczkami - Warszawa - SKLEP - Nie Jestem Z Cukru\",\"isPartOf\":{\"@id\":\"https:\\\/\\\/niejestemzcukru.pl\\\/sklep\\\/#website\"},\"primaryImageOfPage\":{\"@id\":\"https:\\\/\\\/niejestemzcukru.pl\\\/sklep\\\/produkt\\\/tort-kokosowy-z-migdalowym-biszkoptem-delikatnym-kokosowym-kremem-i-porzeczkami\\\/#primaryimage\"},\"image\":{\"@id\":\"https:\\\/\\\/niejestemzcukru.pl\\\/sklep\\\/produkt\\\/tort-kokosowy-z-migdalowym-biszkoptem-delikatnym-kokosowym-kremem-i-porzeczkami\\\/#primaryimage\"},\"thumbnailUrl\":\"https:\\\/\\\/niejestemzcukru.pl\\\/sklep\\\/wp-content\\\/uploads\\\/2023\\\/01\\\/tort-kokosowy-z-porzeczkowa-zelka-nie-jestem-z-cukru.jpg\",\"datePublished\":\"2021-02-24T14:02:10+00:00\",\"dateModified\":\"2026-02-12T12:53:20+00:00\",\"breadcrumb\":{\"@id\":\"https:\\\/\\\/niejestemzcukru.pl\\\/sklep\\\/produkt\\\/tort-kokosowy-z-migdalowym-biszkoptem-delikatnym-kokosowym-kremem-i-porzeczkami\\\/#breadcrumb\"},\"inLanguage\":\"pl-PL\",\"potentialAction\":[{\"@type\":\"ReadAction\",\"target\":[\"https:\\\/\\\/niejestemzcukru.pl\\\/sklep\\\/produkt\\\/tort-kokosowy-z-migdalowym-biszkoptem-delikatnym-kokosowym-kremem-i-porzeczkami\\\/\"]}]},{\"@type\":\"ImageObject\",\"inLanguage\":\"pl-PL\",\"@id\":\"https:\\\/\\\/niejestemzcukru.pl\\\/sklep\\\/produkt\\\/tort-kokosowy-z-migdalowym-biszkoptem-delikatnym-kokosowym-kremem-i-porzeczkami\\\/#primaryimage\",\"url\":\"https:\\\/\\\/niejestemzcukru.pl\\\/sklep\\\/wp-content\\\/uploads\\\/2023\\\/01\\\/tort-kokosowy-z-porzeczkowa-zelka-nie-jestem-z-cukru.jpg\",\"contentUrl\":\"https:\\\/\\\/niejestemzcukru.pl\\\/sklep\\\/wp-content\\\/uploads\\\/2023\\\/01\\\/tort-kokosowy-z-porzeczkowa-zelka-nie-jestem-z-cukru.jpg\",\"width\":1080,\"height\":1080},{\"@type\":\"BreadcrumbList\",\"@id\":\"https:\\\/\\\/niejestemzcukru.pl\\\/sklep\\\/produkt\\\/tort-kokosowy-z-migdalowym-biszkoptem-delikatnym-kokosowym-kremem-i-porzeczkami\\\/#breadcrumb\",\"itemListElement\":[{\"@type\":\"ListItem\",\"position\":1,\"name\":\"Strona g\u0142\u00f3wna\",\"item\":\"https:\\\/\\\/niejestemzcukru.pl\\\/sklep\\\/\"},{\"@type\":\"ListItem\",\"position\":2,\"name\":\"Sklep\",\"item\":\"https:\\\/\\\/niejestemzcukru.pl\\\/sklep\\\/sklep\\\/\"},{\"@type\":\"ListItem\",\"position\":3,\"name\":\"Tort kokosowy z migda\u0142ami i porzeczkami\"}]},{\"@type\":\"WebSite\",\"@id\":\"https:\\\/\\\/niejestemzcukru.pl\\\/sklep\\\/#website\",\"url\":\"https:\\\/\\\/niejestemzcukru.pl\\\/sklep\\\/\",\"name\":\"SKLEP - Nie Jestem Z Cukru\",\"description\":\"Wypieki bez cukru na zam\u00f3wienie\",\"publisher\":{\"@id\":\"https:\\\/\\\/niejestemzcukru.pl\\\/sklep\\\/#organization\"},\"potentialAction\":[{\"@type\":\"SearchAction\",\"target\":{\"@type\":\"EntryPoint\",\"urlTemplate\":\"https:\\\/\\\/niejestemzcukru.pl\\\/sklep\\\/?s={search_term_string}\"},\"query-input\":{\"@type\":\"PropertyValueSpecification\",\"valueRequired\":true,\"valueName\":\"search_term_string\"}}],\"inLanguage\":\"pl-PL\"},{\"@type\":\"Organization\",\"@id\":\"https:\\\/\\\/niejestemzcukru.pl\\\/sklep\\\/#organization\",\"name\":\"SKLEP - Nie Jestem Z Cukru\",\"url\":\"https:\\\/\\\/niejestemzcukru.pl\\\/sklep\\\/\",\"logo\":{\"@type\":\"ImageObject\",\"inLanguage\":\"pl-PL\",\"@id\":\"https:\\\/\\\/niejestemzcukru.pl\\\/sklep\\\/#\\\/schema\\\/logo\\\/image\\\/\",\"url\":\"https:\\\/\\\/niejestemzcukru.pl\\\/sklep\\\/wp-content\\\/uploads\\\/2022\\\/03\\\/cropped-cropped-logo-512-1.png\",\"contentUrl\":\"https:\\\/\\\/niejestemzcukru.pl\\\/sklep\\\/wp-content\\\/uploads\\\/2022\\\/03\\\/cropped-cropped-logo-512-1.png\",\"width\":512,\"height\":512,\"caption\":\"SKLEP - Nie Jestem Z Cukru\"},\"image\":{\"@id\":\"https:\\\/\\\/niejestemzcukru.pl\\\/sklep\\\/#\\\/schema\\\/logo\\\/image\\\/\"}}]}<\/script>\n<!-- \/ Yoast SEO plugin. -->","yoast_head_json":{"title":"Tort kokosowy z migda\u0142ami i porzeczkami - Warszawa - SKLEP - Nie Jestem Z Cukru","robots":{"index":"index","follow":"follow","max-snippet":"max-snippet:-1","max-image-preview":"max-image-preview:large","max-video-preview":"max-video-preview:-1"},"canonical":"https:\/\/niejestemzcukru.pl\/sklep\/produkt\/tort-kokosowy-z-migdalowym-biszkoptem-delikatnym-kokosowym-kremem-i-porzeczkami\/","og_locale":"pl_PL","og_type":"article","og_title":"Tort kokosowy z migda\u0142ami i porzeczkami - Warszawa - SKLEP - Nie Jestem Z Cukru","og_description":"Niebia\u0144ska kokosowa lekko\u015b\u0107! Wyr\u00f3\u017cnia si\u0119 pysznym wilgotnym biszkoptem oraz\u00a0 lekkim i\u00a0 g\u0119stym kokosowym kremem, kt\u00f3ry zasmakuje ka\u017cdemu mi\u0142o\u015bnikowi tych wyj\u0105tkowych orzech\u00f3w. Smak\u00a0 delikatnej s\u0142odko\u015bci prze\u0142amuje lekko kwaskowaty mus porzeczkowy, idealnie podbijaj\u0105cy\u00a0 ka\u017cdy k\u0119s kremowego tortu. Warstwy kremu i owocowego d\u017cemu dope\u0142niaj\u0105 siekane migda\u0142y i kawa\u0142ki kokosa, nadaj\u0105ce niesamowit\u0105 g\u0142\u0119bie smaku naszemu wypiekowi.  Bez dodatku glutenu*  Bez dodatku cukru  * Produkt przygotowywany w pracowni, w kt\u00f3rej powstaj\u0105 r\u00f3wnie\u017c wypieki zawieraj\u0105ce gluten \u2013 mo\u017cliwe zanieczyszczenia krzy\u017cowe. Produkt bez dodatku glutenu, jednak mo\u017ce zawiera\u0107 jego \u015bladowe ilo\u015bci  Wykonujemy torty okazjonalne (wesela, komunie, chrzciny) w celu wyceny, prosimy o kontakt mailowy\u00a0na info@niejestemzcukru.pl. Zobacz nasze przyk\u0142adowe realizacje  Dekoracja tortu pogl\u0105dowa, efekt finalny mo\u017ce r\u00f3\u017cni\u0107 si\u0119 od tego na zdj\u0119ciu","og_url":"https:\/\/niejestemzcukru.pl\/sklep\/produkt\/tort-kokosowy-z-migdalowym-biszkoptem-delikatnym-kokosowym-kremem-i-porzeczkami\/","og_site_name":"SKLEP - Nie Jestem Z Cukru","article_modified_time":"2026-02-12T12:53:20+00:00","og_image":[{"width":1080,"height":1080,"url":"https:\/\/niejestemzcukru.pl\/sklep\/wp-content\/uploads\/2023\/01\/tort-kokosowy-z-porzeczkowa-zelka-nie-jestem-z-cukru.jpg","type":"image\/jpeg"}],"twitter_card":"summary_large_image","twitter_misc":{"Szacowany czas czytania":"1 minuta"},"schema":{"@context":"https:\/\/schema.org","@graph":[{"@type":"WebPage","@id":"https:\/\/niejestemzcukru.pl\/sklep\/produkt\/tort-kokosowy-z-migdalowym-biszkoptem-delikatnym-kokosowym-kremem-i-porzeczkami\/","url":"https:\/\/niejestemzcukru.pl\/sklep\/produkt\/tort-kokosowy-z-migdalowym-biszkoptem-delikatnym-kokosowym-kremem-i-porzeczkami\/","name":"Tort kokosowy z migda\u0142ami i porzeczkami - Warszawa - SKLEP - Nie Jestem Z Cukru","isPartOf":{"@id":"https:\/\/niejestemzcukru.pl\/sklep\/#website"},"primaryImageOfPage":{"@id":"https:\/\/niejestemzcukru.pl\/sklep\/produkt\/tort-kokosowy-z-migdalowym-biszkoptem-delikatnym-kokosowym-kremem-i-porzeczkami\/#primaryimage"},"image":{"@id":"https:\/\/niejestemzcukru.pl\/sklep\/produkt\/tort-kokosowy-z-migdalowym-biszkoptem-delikatnym-kokosowym-kremem-i-porzeczkami\/#primaryimage"},"thumbnailUrl":"https:\/\/niejestemzcukru.pl\/sklep\/wp-content\/uploads\/2023\/01\/tort-kokosowy-z-porzeczkowa-zelka-nie-jestem-z-cukru.jpg","datePublished":"2021-02-24T14:02:10+00:00","dateModified":"2026-02-12T12:53:20+00:00","breadcrumb":{"@id":"https:\/\/niejestemzcukru.pl\/sklep\/produkt\/tort-kokosowy-z-migdalowym-biszkoptem-delikatnym-kokosowym-kremem-i-porzeczkami\/#breadcrumb"},"inLanguage":"pl-PL","potentialAction":[{"@type":"ReadAction","target":["https:\/\/niejestemzcukru.pl\/sklep\/produkt\/tort-kokosowy-z-migdalowym-biszkoptem-delikatnym-kokosowym-kremem-i-porzeczkami\/"]}]},{"@type":"ImageObject","inLanguage":"pl-PL","@id":"https:\/\/niejestemzcukru.pl\/sklep\/produkt\/tort-kokosowy-z-migdalowym-biszkoptem-delikatnym-kokosowym-kremem-i-porzeczkami\/#primaryimage","url":"https:\/\/niejestemzcukru.pl\/sklep\/wp-content\/uploads\/2023\/01\/tort-kokosowy-z-porzeczkowa-zelka-nie-jestem-z-cukru.jpg","contentUrl":"https:\/\/niejestemzcukru.pl\/sklep\/wp-content\/uploads\/2023\/01\/tort-kokosowy-z-porzeczkowa-zelka-nie-jestem-z-cukru.jpg","width":1080,"height":1080},{"@type":"BreadcrumbList","@id":"https:\/\/niejestemzcukru.pl\/sklep\/produkt\/tort-kokosowy-z-migdalowym-biszkoptem-delikatnym-kokosowym-kremem-i-porzeczkami\/#breadcrumb","itemListElement":[{"@type":"ListItem","position":1,"name":"Strona g\u0142\u00f3wna","item":"https:\/\/niejestemzcukru.pl\/sklep\/"},{"@type":"ListItem","position":2,"name":"Sklep","item":"https:\/\/niejestemzcukru.pl\/sklep\/sklep\/"},{"@type":"ListItem","position":3,"name":"Tort kokosowy z migda\u0142ami i porzeczkami"}]},{"@type":"WebSite","@id":"https:\/\/niejestemzcukru.pl\/sklep\/#website","url":"https:\/\/niejestemzcukru.pl\/sklep\/","name":"SKLEP - Nie Jestem Z Cukru","description":"Wypieki bez cukru na zam\u00f3wienie","publisher":{"@id":"https:\/\/niejestemzcukru.pl\/sklep\/#organization"},"potentialAction":[{"@type":"SearchAction","target":{"@type":"EntryPoint","urlTemplate":"https:\/\/niejestemzcukru.pl\/sklep\/?s={search_term_string}"},"query-input":{"@type":"PropertyValueSpecification","valueRequired":true,"valueName":"search_term_string"}}],"inLanguage":"pl-PL"},{"@type":"Organization","@id":"https:\/\/niejestemzcukru.pl\/sklep\/#organization","name":"SKLEP - Nie Jestem Z Cukru","url":"https:\/\/niejestemzcukru.pl\/sklep\/","logo":{"@type":"ImageObject","inLanguage":"pl-PL","@id":"https:\/\/niejestemzcukru.pl\/sklep\/#\/schema\/logo\/image\/","url":"https:\/\/niejestemzcukru.pl\/sklep\/wp-content\/uploads\/2022\/03\/cropped-cropped-logo-512-1.png","contentUrl":"https:\/\/niejestemzcukru.pl\/sklep\/wp-content\/uploads\/2022\/03\/cropped-cropped-logo-512-1.png","width":512,"height":512,"caption":"SKLEP - Nie Jestem Z Cukru"},"image":{"@id":"https:\/\/niejestemzcukru.pl\/sklep\/#\/schema\/logo\/image\/"}}]}},"_links":{"self":[{"href":"https:\/\/niejestemzcukru.pl\/sklep\/wp-json\/wp\/v2\/product\/264","targetHints":{"allow":["GET"]}}],"collection":[{"href":"https:\/\/niejestemzcukru.pl\/sklep\/wp-json\/wp\/v2\/product"}],"about":[{"href":"https:\/\/niejestemzcukru.pl\/sklep\/wp-json\/wp\/v2\/types\/product"}],"wp:featuredmedia":[{"embeddable":true,"href":"https:\/\/niejestemzcukru.pl\/sklep\/wp-json\/wp\/v2\/media\/2166"}],"wp:attachment":[{"href":"https:\/\/niejestemzcukru.pl\/sklep\/wp-json\/wp\/v2\/media?parent=264"}],"wp:term":[{"taxonomy":"product_brand","embeddable":true,"href":"https:\/\/niejestemzcukru.pl\/sklep\/wp-json\/wp\/v2\/product_brand?post=264"},{"taxonomy":"product_cat","embeddable":true,"href":"https:\/\/niejestemzcukru.pl\/sklep\/wp-json\/wp\/v2\/product_cat?post=264"},{"taxonomy":"product_tag","embeddable":true,"href":"https:\/\/niejestemzcukru.pl\/sklep\/wp-json\/wp\/v2\/product_tag?post=264"}],"curies":[{"name":"wp","href":"https:\/\/api.w.org\/{rel}","templated":true}]}}